{"id":98405,"date":"2022-06-30T09:21:23","date_gmt":"2022-06-30T09:21:23","guid":{"rendered":"https:\/\/shop.destacaimagen.com\/divi-artists-theme\/?page_id=778"},"modified":"2025-10-12T09:09:43","modified_gmt":"2025-10-12T07:09:43","slug":"about-me-02","status":"publish","type":"page","link":"https:\/\/xaviersteffen.ch\/gb\/about-me-02\/","title":{"rendered":"About me 02"},"content":{"rendered":"<p>[et_pb_section fb_built=&#8221;1&#8243; custom_padding_last_edited=&#8221;on|desktop&#8221; _builder_version=&#8221;4.27.4&#8243; _module_preset=&#8221;default&#8221; overflow-x=&#8221;visible&#8221; overflow-y=&#8221;visible&#8221; custom_padding=&#8221;0px||||false|false&#8221; custom_padding_tablet=&#8221;0px||||false|false&#8221; custom_padding_phone=&#8221;0px||||false|false&#8221; global_colors_info=&#8221;{}&#8221;][et_pb_row custom_padding_last_edited=&#8221;on|phone&#8221; admin_label=&#8221;Fila&#8221; module_class=&#8221;marqueeRight&#8221; _builder_version=&#8221;4.27.4&#8243; _dynamic_attributes=&#8221;link_option_url&#8221; _module_preset=&#8221;default&#8221; background_color=&#8221;#FFE500&#8243; width=&#8221;100%&#8221; max_width=&#8221;2560px&#8221; custom_padding=&#8221;85px||198px||false|false&#8221; custom_padding_tablet=&#8221;50px||124px||false|false&#8221; custom_padding_phone=&#8221;73px||50px||false|false&#8221; link_option_url=&#8221;@ET-DC@eyJkeW5hbWljIjp0cnVlLCJjb250ZW50IjoicG9zdF9saW5rX3VybF9wYWdlIiwic2V0dGluZ3MiOnsicG9zdF9pZCI6IjE3In19@&#8221; custom_css_free_form=&#8221;selector:hover .et_pb_text_inner p {||  color:white;||}&#8221; global_colors_info=&#8221;{}&#8221;][et_pb_column type=&#8221;4_4&#8243; _builder_version=&#8221;4.27.0&#8243; _module_preset=&#8221;default&#8221; global_colors_info=&#8221;{}&#8221;][et_pb_code admin_label=&#8221;C\u00f3digo&#8221; _builder_version=&#8221;4.27.4&#8243; _module_preset=&#8221;default&#8221; custom_margin=&#8221;0px||0px||false|false&#8221; global_colors_info=&#8221;{}&#8221;]<\/p>\n<style><!-- [et_pb_line_break_holder] -->  \t\/*Clases and speed *\/<!-- [et_pb_line_break_holder] -->  \t<!-- [et_pb_line_break_holder] -->  <!-- [et_pb_line_break_holder] -->  #et-main-area, #main-content {<!-- [et_pb_line_break_holder] -->    overflow-y: hidden;<!-- [et_pb_line_break_holder] -->\t}<!-- [et_pb_line_break_holder] --><!-- [et_pb_line_break_holder] -->  \/* marqueeLeft *\/<!-- [et_pb_line_break_holder] -->    .marqueeLeftRight{<!-- [et_pb_line_break_holder] -->\t\t    \tdisplay: flex;<!-- [et_pb_line_break_holder] -->        \t   flex-direction: column;<!-- [et_pb_line_break_holder] -->    }<!-- [et_pb_line_break_holder] -->  \t.marquee{<!-- [et_pb_line_break_holder] -->          width: 100%;<!-- [et_pb_line_break_holder] -->          white-space: nowrap;<!-- [et_pb_line_break_holder] -->          overflow: hidden;<!-- [et_pb_line_break_holder] -->          box-sizing: border-box;<!-- [et_pb_line_break_holder] -->          display: flex;<!-- [et_pb_line_break_holder] -->          flex-direction: row;<!-- [et_pb_line_break_holder] -->     }   <!-- [et_pb_line_break_holder] --><!-- [et_pb_line_break_holder] -->  <!-- [et_pb_line_break_holder] --> \t\t\t\/* Default speed = 5s *\/  <!-- [et_pb_line_break_holder] -->     .marqueeLeft-p1, .marqueeLeft-p2{ display: inline-block; animation: marqueeLeft 10s linear infinite; }<!-- [et_pb_line_break_holder] -->  <!-- [et_pb_line_break_holder] -->  \t<!-- [et_pb_line_break_holder] -->     .marqueeLeft{<!-- [et_pb_line_break_holder] -->          width: 100%;<!-- [et_pb_line_break_holder] -->          line-height: 50px;<!-- [et_pb_line_break_holder] -->          white-space: nowrap;<!-- [et_pb_line_break_holder] -->          overflow: hidden;<!-- [et_pb_line_break_holder] -->          box-sizing: border-box;<!-- [et_pb_line_break_holder] -->     }<!-- [et_pb_line_break_holder] -->     @keyframes marqueeLeft {<!-- [et_pb_line_break_holder] -->         0% {transform: translate(0,0);}<!-- [et_pb_line_break_holder] -->         100% {transform: translate(-100%,0);}         <!-- [et_pb_line_break_holder] -->     }<!-- [et_pb_line_break_holder] -->  <!-- [et_pb_line_break_holder] -->  \t\/* marqueeRight *\/<!-- [et_pb_line_break_holder] --> \t\t\t\/* Sin velocidad *\/  <!-- [et_pb_line_break_holder] -->     .marqueeRight-p1, .marqueeRight-p2{ display: inline-block; animation: marqueeRight 10s linear infinite; }<!-- [et_pb_line_break_holder] -->  \t <!-- [et_pb_line_break_holder] -->  <!-- [et_pb_line_break_holder] -->     .marqueeRight{<!-- [et_pb_line_break_holder] -->          width: 100%;<!-- [et_pb_line_break_holder] -->          line-height: 50px;<!-- [et_pb_line_break_holder] -->          white-space: nowrap;<!-- [et_pb_line_break_holder] -->          overflow: hidden;<!-- [et_pb_line_break_holder] -->          box-sizing: border-box;<!-- [et_pb_line_break_holder] -->     }<!-- [et_pb_line_break_holder] -->     @keyframes marqueeRight {<!-- [et_pb_line_break_holder] -->         0% {transform: translate(-100%,0);}<!-- [et_pb_line_break_holder] -->         100% {transform: translate(0,0);}         <!-- [et_pb_line_break_holder] -->     }<!-- [et_pb_line_break_holder] -->  <!-- [et_pb_line_break_holder] -->    \t\/* typing *\/<!-- [et_pb_line_break_holder] -->  .typing{<!-- [et_pb_line_break_holder] -->    opacity:0 !important;<!-- [et_pb_line_break_holder] -->    transition:all ease 0.25s;<!-- [et_pb_line_break_holder] -->  }<!-- [et_pb_line_break_holder] -->  \t\t.typing.et_had_animation{<!-- [et_pb_line_break_holder] -->        \topacity: 1 !important;<!-- [et_pb_line_break_holder] -->          width: 0;<!-- [et_pb_line_break_holder] -->          overflow: hidden;<!-- [et_pb_line_break_holder] -->          white-space: nowrap;<!-- [et_pb_line_break_holder] -->          margin: auto;<!-- [et_pb_line_break_holder] -->          border-right: 0.15em solid #000000;<!-- [et_pb_line_break_holder] -->          animation: typing 4s steps(38) 1s 1 normal both, blink 1s steps(1) infinite;<!-- [et_pb_line_break_holder] -->          place-items: center;<!-- [et_pb_line_break_holder] -->          max-width: max-content;<!-- [et_pb_line_break_holder] -->     }<!-- [et_pb_line_break_holder] -->     @keyframes typing {<!-- [et_pb_line_break_holder] -->          from { width: 0; }<!-- [et_pb_line_break_holder] -->          to { width: 100%; }<!-- [et_pb_line_break_holder] -->     }<!-- [et_pb_line_break_holder] -->     @keyframes blink {<!-- [et_pb_line_break_holder] -->          50% { border-color: transparent; }<!-- [et_pb_line_break_holder] -->     }<!-- [et_pb_line_break_holder] -->  <!-- [et_pb_line_break_holder] -->  \t\t\/* slow *\/<!-- [et_pb_line_break_holder] -->     .d-slower{  animation-duration: 20s !important;}<!-- [et_pb_line_break_holder] -->     \/* normal *\/<!-- [et_pb_line_break_holder] -->     .d-slow{  animation-duration: 15s !important;}<!-- [et_pb_line_break_holder] -->     \/* fast *\/<!-- [et_pb_line_break_holder] -->     .d-fast{  animation-duration: 7.5s !important;}<!-- [et_pb_line_break_holder] -->     \/* faster *\/<!-- [et_pb_line_break_holder] -->     .d-faster{  animation-duration: 2.5s !important;}<!-- [et_pb_line_break_holder] -->     <\/style>\n<p><!-- [et_pb_line_break_holder] --><!-- [et_pb_line_break_holder] --><!-- [et_pb_line_break_holder] --><script><!-- [et_pb_line_break_holder] -->\twindow.onload = function() { <!-- [et_pb_line_break_holder] -->    console.log(\"1\");<!-- [et_pb_line_break_holder] -->  for (let i = 0; i < document.getElementsByClassName(\"marqueeLeft\").length ; i++) {<!-- [et_pb_line_break_holder] -->    var element = document.getElementsByClassName(\"marqueeLeft-p1\")[i];<!-- [et_pb_line_break_holder] -->    var contenido = element.innerHTML;<!-- [et_pb_line_break_holder] -->    var clases = element.className;<!-- [et_pb_line_break_holder] -->    clases =clases.replace('marqueeLeft-p1', '');<!-- [et_pb_line_break_holder] -->    clases =clases + ' marqueeLeft-p2';<!-- [et_pb_line_break_holder] -->  \tdocument.getElementsByClassName(\"marqueeLeft\")[i].firstElementChild.innerHTML += '<\/p>\n<div class=\" ' + clases + '\">' + contenido + '<\/div>\n<p>';<!-- [et_pb_line_break_holder] -->    if ( jQuery(element).find('img').length > 0 ) {<!-- [et_pb_line_break_holder] -->      var container = jQuery(document.getElementsByClassName(\"marqueeLeft\")[i]);<!-- [et_pb_line_break_holder] -->      var $img = jQuery(element).find('img').eq(0);<!-- [et_pb_line_break_holder] -->      container.attr('style', 'max-width:' + $img.attr(\"width\") + 'px !important')<!-- [et_pb_line_break_holder] -->    }<!-- [et_pb_line_break_holder] -->  }<!-- [et_pb_line_break_holder] -->  <!-- [et_pb_line_break_holder] -->  for (let i = 0; i < document.getElementsByClassName(\"marqueeRight\").length ; i++) {<!-- [et_pb_line_break_holder] -->    var element = document.getElementsByClassName(\"marqueeRight-p1\")[i];<!-- [et_pb_line_break_holder] -->    var contenido = element.innerHTML;<!-- [et_pb_line_break_holder] -->    var clases = element.className;<!-- [et_pb_line_break_holder] -->    clases = clases.replace('marqueeRight-p1', '');<!-- [et_pb_line_break_holder] -->    clases = clases + ' marqueeRight-p2';<!-- [et_pb_line_break_holder] -->  \tdocument.getElementsByClassName(\"marqueeRight\")[i].firstElementChild.innerHTML += '<\/p>\n<div class=\"' + clases + '\">' + contenido + '<\/div>\n<p>';<!-- [et_pb_line_break_holder] -->    if ( jQuery(element).find('img').length > 0 ) {<!-- [et_pb_line_break_holder] -->      var container = jQuery(document.getElementsByClassName(\"marqueeRight\")[i]);<!-- [et_pb_line_break_holder] -->      var $img = jQuery(element).find('img').eq(0);<!-- [et_pb_line_break_holder] -->      container.attr('style', 'max-width:' + $img.attr('width') + 'px !important')<!-- [et_pb_line_break_holder] -->    }<!-- [et_pb_line_break_holder] -->  }<!-- [et_pb_line_break_holder] -->}<!-- [et_pb_line_break_holder] -->  <!-- [et_pb_line_break_holder] --><\/script>[\/et_pb_code][et_pb_text content_tablet=&#8221;<\/p>\n<p style=%22text-align: left;%22>Sal\u00fc &#8211; Gr\u00fcezi &#8211; Hi &#8211; Hola &#8211; Ciao &#8211; Bonjours &#8211; Hoi &#8211; Sal\u00fc &#8211; Gr\u00fcezi &#8211; Hi &#8211; Hola &#8211; Ciao &#8211; Hello &#8211; Hoi &#8211;<\/p>\n<p>&#8221; content_phone=&#8221;<\/p>\n<p>Sal\u00fc &#8211; Gr\u00fcezi &#8211; Hi &#8211; Hola &#8211; Ciao &#8211; Bonjours &#8211; Hoi &#8211; Sal\u00fc &#8211; Gr\u00fcezi &#8211; Hi &#8211; Hola &#8211; Ciao &#8211; Hello &#8211; Hoi &#8211;<\/p>\n<p>&#8221; content_last_edited=&#8221;on|phone&#8221; module_class=&#8221;marqueeRight-p1 d-slow &#8221; _builder_version=&#8221;4.27.4&#8243; _module_preset=&#8221;default&#8221; text_font=&#8221;Barlow Condensed|100|||||||&#8221; text_text_color=&#8221;#000000&#8243; text_font_size=&#8221;119px&#8221; header_text_color=&#8221;#ffffff&#8221; header_font_size=&#8221;240px&#8221; custom_margin=&#8221;||0px||false|false&#8221; custom_margin_tablet=&#8221;||0px||false|false&#8221; custom_margin_phone=&#8221;40px||0px||false|false&#8221; custom_margin_last_edited=&#8221;on|phone&#8221; animation_style=&#8221;none&#8221; text_font_size_tablet=&#8221;60px&#8221; text_font_size_phone=&#8221;42px&#8221; text_font_size_last_edited=&#8221;on|desktop&#8221; global_colors_info=&#8221;{}&#8221; text_text_color__hover_enabled=&#8221;on|hover&#8221; text_text_color__hover=&#8221;#FFFFFF&#8221;]<\/p>\n<p style=\"text-align: left;\">Sal\u00fc &#8211; Gr\u00fcezi &#8211; Hi &#8211; Hola &#8211; Ciao &#8211; Bonjours &#8211; Hoi &#8211; Sal\u00fc &#8211; Gr\u00fcezi &#8211; Hi &#8211; Hola &#8211; Ciao &#8211; Hello &#8211; Hoi &#8211;<\/p>\n<p>[\/et_pb_text][\/et_pb_column][\/et_pb_row][et_pb_row column_structure=&#8221;2_5,3_5&#8243; _builder_version=&#8221;4.27.4&#8243; _module_preset=&#8221;default&#8221; overflow-x=&#8221;visible&#8221; overflow-y=&#8221;visible&#8221; custom_margin=&#8221;-120px||||false|false&#8221; custom_margin_tablet=&#8221;-127px||||false|false&#8221; custom_margin_phone=&#8221;-50px||||false|false&#8221; custom_margin_last_edited=&#8221;on|tablet&#8221; custom_padding=&#8221;0px|||||&#8221; global_colors_info=&#8221;{}&#8221; custom_margin__hover_enabled=&#8221;on|desktop&#8221; custom_margin__hover=&#8221;-223px||||false|false&#8221;][et_pb_column type=&#8221;2_5&#8243; _builder_version=&#8221;4.16&#8243; _module_preset=&#8221;default&#8221; custom_padding=&#8221;200px||||false|false&#8221; custom_padding_tablet=&#8221;0px||||false|false&#8221; custom_padding_phone=&#8221;&#8221; custom_padding_last_edited=&#8221;on|tablet&#8221; global_colors_info=&#8221;{}&#8221;][et_pb_image src=&#8221;https:\/\/xaviersteffen.ch\/wp-content\/uploads\/2025\/07\/Xavier-Steffen_Foto.png&#8221; title_text=&#8221;Xavier Steffen_Foto&#8221; show_bottom_space=&#8221;off&#8221; align=&#8221;right&#8221; align_tablet=&#8221;left&#8221; align_phone=&#8221;&#8221; align_last_edited=&#8221;on|phone&#8221; disabled_on=&#8221;off|off|on&#8221; _builder_version=&#8221;4.27.4&#8243; _module_preset=&#8221;default&#8221; width=&#8221;70%&#8221; width_tablet=&#8221;70%&#8221; width_phone=&#8221;71%&#8221; width_last_edited=&#8221;on|tablet&#8221; custom_margin=&#8221;||||false|false&#8221; scroll_vertical_motion_enable=&#8221;off&#8221; scroll_vertical_motion=&#8221;0|50|50|100|1|0|-0.5&#8243; module_alignment_tablet=&#8221;right&#8221; module_alignment_phone=&#8221;right&#8221; module_alignment_last_edited=&#8221;on|phone&#8221; scroll_vertical_motion_tablet=&#8221;0|50|50|100|1|0|-0.5&#8243; scroll_vertical_motion_phone=&#8221;0|50|50|100|0|0|-0.5&#8243; scroll_vertical_motion_last_edited=&#8221;on|phone&#8221; global_colors_info=&#8221;{}&#8221; width__hover_enabled=&#8221;on|desktop&#8221; width__hover=&#8221;&#8221;][\/et_pb_image][et_pb_text disabled_on=&#8221;on|on|on&#8221; _builder_version=&#8221;4.27.0&#8243; _module_preset=&#8221;default&#8221; text_font=&#8221;Barlow Condensed||||||||&#8221; text_text_color=&#8221;#FFE500&#8243; text_font_size=&#8221;60px&#8221; custom_margin=&#8221;||20px||false|false&#8221; disabled=&#8221;on&#8221; global_colors_info=&#8221;{}&#8221;]<\/p>\n<p>Hi<\/p>\n<p>[\/et_pb_text][et_pb_text content_tablet=&#8221;<\/p>\n<h1><span style=%22font-size: 38px;%22>I&#8217;m Xavier,<\/span><\/h1>\n<p>&#8221; content_phone=&#8221;<\/p>\n<h1><\/h1>\n<\/p>\n<h1>I&#8217;m Xavier,<\/h1>\n<p>&#8221; content_last_edited=&#8221;on|tablet&#8221; _builder_version=&#8221;4.27.4&#8243; _module_preset=&#8221;default&#8221; header_font_size=&#8221;38px&#8221; custom_margin_tablet=&#8221;||||false|false&#8221; custom_margin_phone=&#8221;||||false|false&#8221; custom_margin_last_edited=&#8221;on|phone&#8221; global_colors_info=&#8221;{}&#8221;]<\/p>\n<h1><\/h1>\n<h1><\/h1>\n<h1><\/h1>\n<h1><\/h1>\n<h1><\/h1>\n<h1><\/h1>\n<h1><\/h1>\n<h1><span style=\"font-size: 38px;\"><\/span><\/h1>\n<h1><span style=\"font-size: 38px;\">I&#8217;m Xavier,<\/span><\/h1>\n<p>[\/et_pb_text][et_pb_text _builder_version=&#8221;4.27.4&#8243; _module_preset=&#8221;ecfe9377-8ea7-41de-bdfd-2d7b2656c35b&#8221; text_font=&#8221;||||||||&#8221; global_colors_info=&#8221;{}&#8221;]<\/p>\n<p data-start=\"59\" data-end=\"355\">a photographer and filmmaker based in Solothurn. I love turning stories into visuals that feel real and emotional. My work moves between documentary and cinematic imagery \u2013 always with the aim to convey an authentic overall picture<\/p>\n<p data-start=\"357\" data-end=\"552\">With my camera, I search for interesting exposures and perspectives that reveal more than just the obvious. Every project is a new opportunity to capture a unique mood.<\/p>\n<p data-start=\"554\" data-end=\"733\">In my free time, I enjoy spending time outdoors with my dog, practicing sports and creating music.<\/p>\n<p>[\/et_pb_text][\/et_pb_column][et_pb_column type=&#8221;3_5&#8243; _builder_version=&#8221;4.16&#8243; _module_preset=&#8221;default&#8221; position_origin_r=&#8221;top_right&#8221; global_colors_info=&#8221;{}&#8221;][et_pb_image src=&#8221;https:\/\/xaviersteffen.ch\/wp-content\/uploads\/2025\/07\/Xavier-Steffen_Foto.png&#8221; title_text=&#8221;Xavier Steffen_Foto&#8221; align=&#8221;right&#8221; align_tablet=&#8221;left&#8221; align_phone=&#8221;&#8221; align_last_edited=&#8221;on|phone&#8221; disabled_on=&#8221;on|on|off&#8221; _builder_version=&#8221;4.27.4&#8243; _module_preset=&#8221;default&#8221; width_tablet=&#8221;&#8221; width_phone=&#8221;&#8221; width_last_edited=&#8221;on|tablet&#8221; scroll_vertical_motion_enable=&#8221;on&#8221; scroll_vertical_motion=&#8221;0|50|50|100|1|0|-0.5&#8243; module_alignment_tablet=&#8221;left&#8221; module_alignment_phone=&#8221;&#8221; module_alignment_last_edited=&#8221;on|tablet&#8221; scroll_vertical_motion_tablet=&#8221;0|50|50|100|1|0|-0.5&#8243; scroll_vertical_motion_phone=&#8221;0|50|50|100|0|0|-0.5&#8243; scroll_vertical_motion_last_edited=&#8221;on|phone&#8221; global_colors_info=&#8221;{}&#8221;][\/et_pb_image][\/et_pb_column][\/et_pb_row][\/et_pb_section]<\/p>\n","protected":false},"excerpt":{"rendered":"<p>Sal\u00fc &#8211; Gr\u00fcezi &#8211; Hi &#8211; Hola &#8211; Ciao &#8211; Bonjours &#8211; Hoi &#8211; Sal\u00fc &#8211; Gr\u00fcezi &#8211; Hi &#8211; Hola &#8211; Ciao &#8211; Hello &#8211; Hoi -Hi I&#8217;m Xavier,a photographer and filmmaker based in Solothurn. I love turning stories into visuals that feel real and emotional. My work moves between documentary and cinematic imagery [&hellip;]<\/p>\n","protected":false},"author":1,"featured_media":0,"parent":0,"menu_order":7,"comment_status":"closed","ping_status":"closed","template":"","meta":{"_acf_changed":false,"_et_pb_use_builder":"on","_et_pb_old_content":"","_et_gb_content_width":"","inline_featured_image":false,"footnotes":""},"class_list":["post-98405","page","type-page","status-publish","hentry"],"translation":{"provider":"WPGlobus","version":"3.0.2","language":"gb","enabled_languages":["de","gb"],"languages":{"de":{"title":true,"content":true,"excerpt":false},"gb":{"title":false,"content":false,"excerpt":false}}},"acf":[],"_links":{"self":[{"href":"https:\/\/xaviersteffen.ch\/gb\/wp-json\/wp\/v2\/pages\/98405","targetHints":{"allow":["GET"]}}],"collection":[{"href":"https:\/\/xaviersteffen.ch\/gb\/wp-json\/wp\/v2\/pages"}],"about":[{"href":"https:\/\/xaviersteffen.ch\/gb\/wp-json\/wp\/v2\/types\/page"}],"author":[{"embeddable":true,"href":"https:\/\/xaviersteffen.ch\/gb\/wp-json\/wp\/v2\/users\/1"}],"replies":[{"embeddable":true,"href":"https:\/\/xaviersteffen.ch\/gb\/wp-json\/wp\/v2\/comments?post=98405"}],"version-history":[{"count":35,"href":"https:\/\/xaviersteffen.ch\/gb\/wp-json\/wp\/v2\/pages\/98405\/revisions"}],"predecessor-version":[{"id":100452,"href":"https:\/\/xaviersteffen.ch\/gb\/wp-json\/wp\/v2\/pages\/98405\/revisions\/100452"}],"wp:attachment":[{"href":"https:\/\/xaviersteffen.ch\/gb\/wp-json\/wp\/v2\/media?parent=98405"}],"curies":[{"name":"wp","href":"https:\/\/api.w.org\/{rel}","templated":true}]}}